{"id":151,"date":"2022-11-29T04:08:59","date_gmt":"2022-11-29T04:08:59","guid":{"rendered":"https:\/\/shop.apak-group.com\/?post_type=product&#038;p=151"},"modified":"2022-11-29T05:09:17","modified_gmt":"2022-11-29T05:09:17","slug":"ap-36-gas-nozzle","status":"publish","type":"product","link":"https:\/\/shop.apak-group.com\/de\/shop\/mig-mag\/mig-mag-torches\/mig-mag-consumables\/mig-mag-gas-nozzles\/ap-36-gas-nozzle\/","title":{"rendered":"AP-36 Gas nozzle"},"content":{"rendered":"<ul>\n<li>AP-36 Nozzle is Gas Cooled Nozzle.<\/li>\n<li>AP-36 Nozzle hub diameter is \u00d8 24.0 mm, length is L84 mm.<\/li>\n<li>Narrow-mouth Nozzle dimensions, mouth diameter is \u00d812 mm from the inside.<\/li>\n<li>Conical Nozzle Dimensions mouth diameter is \u00d816 mm from the inside.<\/li>\n<li>Cylindrical Nozzle Dimensions mouth diameter is \u00d820.1mm from the inside.<\/li>\n<\/ul>\n","protected":false},"excerpt":{"rendered":"<p>AP-36 Nozzle is Gas Cooled Nozzle. AP-36 Nozzle hub diameter is \u00d8 24.0 mm, length is L84 mm. Narrow-mouth Nozzle dimensions, mouth diameter is \u00d812 mm from the inside. Conical Nozzle Dimensions mouth diameter is \u00d816 mm from the inside. Cylindrical Nozzle Dimensions mouth diameter is \u00d820.1mm from the inside.<\/p>\n","protected":false},"featured_media":166,"comment_status":"open","ping_status":"closed","template":"","meta":{"content-type":""},"product_brand":[],"product_cat":[35],"product_tag":[],"class_list":{"0":"post-151","1":"product","2":"type-product","3":"status-publish","4":"has-post-thumbnail","6":"product_cat-mig-mag-gas-nozzles","8":"first","9":"instock","10":"shipping-taxable","11":"purchasable","12":"product-type-variable"},"yoast_head":"<!-- This site is optimized with the Yoast SEO plugin v24.6 - https:\/\/yoast.com\/wordpress\/plugins\/seo\/ -->\n<title>AP-36 Gas nozzle - Apak Group Shop<\/title>\n<meta name=\"robots\" content=\"index, follow, max-snippet:-1, max-image-preview:large, max-video-preview:-1\" \/>\n<link rel=\"canonical\" href=\"https:\/\/shop.apak-group.com\/de\/shop\/mig-mag\/mig-mag-torches\/mig-mag-consumables\/mig-mag-gas-nozzles\/ap-36-gas-nozzle\/\" \/>\n<meta property=\"og:locale\" content=\"de_DE\" \/>\n<meta property=\"og:type\" content=\"article\" \/>\n<meta property=\"og:title\" content=\"AP-36 Gas nozzle - Apak Group Shop\" \/>\n<meta property=\"og:description\" content=\"AP-36 Nozzle is Gas Cooled Nozzle. AP-36 Nozzle hub diameter is \u00d8 24.0 mm, length is L84 mm. Narrow-mouth Nozzle dimensions, mouth diameter is \u00d812 mm from the inside. Conical Nozzle Dimensions mouth diameter is \u00d816 mm from the inside. Cylindrical Nozzle Dimensions mouth diameter is \u00d820.1mm from the inside.\" \/>\n<meta property=\"og:url\" content=\"https:\/\/shop.apak-group.com\/de\/shop\/mig-mag\/mig-mag-torches\/mig-mag-consumables\/mig-mag-gas-nozzles\/ap-36-gas-nozzle\/\" \/>\n<meta property=\"og:site_name\" content=\"Apak Group Shop\" \/>\n<meta property=\"article:modified_time\" content=\"2022-11-29T05:09:17+00:00\" \/>\n<meta property=\"og:image\" content=\"https:\/\/shop.apak-group.com\/wp-content\/uploads\/2022\/11\/ap-36-conical-gas-diffuser.jpg\" \/>\n\t<meta property=\"og:image:width\" content=\"1000\" \/>\n\t<meta property=\"og:image:height\" content=\"1000\" \/>\n\t<meta property=\"og:image:type\" content=\"image\/jpeg\" \/>\n<meta name=\"twitter:card\" content=\"summary_large_image\" \/>\n<script type=\"application\/ld+json\" class=\"yoast-schema-graph\">{\"@context\":\"https:\/\/schema.org\",\"@graph\":[{\"@type\":\"WebPage\",\"@id\":\"https:\/\/shop.apak-group.com\/de\/shop\/mig-mag\/mig-mag-torches\/mig-mag-consumables\/mig-mag-gas-nozzles\/ap-36-gas-nozzle\/\",\"url\":\"https:\/\/shop.apak-group.com\/de\/shop\/mig-mag\/mig-mag-torches\/mig-mag-consumables\/mig-mag-gas-nozzles\/ap-36-gas-nozzle\/\",\"name\":\"AP-36 Gas nozzle - Apak Group Shop\",\"isPartOf\":{\"@id\":\"https:\/\/shop.apak-group.com\/de\/#website\"},\"primaryImageOfPage\":{\"@id\":\"https:\/\/shop.apak-group.com\/de\/shop\/mig-mag\/mig-mag-torches\/mig-mag-consumables\/mig-mag-gas-nozzles\/ap-36-gas-nozzle\/#primaryimage\"},\"image\":{\"@id\":\"https:\/\/shop.apak-group.com\/de\/shop\/mig-mag\/mig-mag-torches\/mig-mag-consumables\/mig-mag-gas-nozzles\/ap-36-gas-nozzle\/#primaryimage\"},\"thumbnailUrl\":\"https:\/\/shop.apak-group.com\/wp-content\/uploads\/2022\/11\/ap-36-conical-gas-diffuser.jpg\",\"datePublished\":\"2022-11-29T04:08:59+00:00\",\"dateModified\":\"2022-11-29T05:09:17+00:00\",\"breadcrumb\":{\"@id\":\"https:\/\/shop.apak-group.com\/de\/shop\/mig-mag\/mig-mag-torches\/mig-mag-consumables\/mig-mag-gas-nozzles\/ap-36-gas-nozzle\/#breadcrumb\"},\"inLanguage\":\"de\",\"potentialAction\":[{\"@type\":\"ReadAction\",\"target\":[\"https:\/\/shop.apak-group.com\/de\/shop\/mig-mag\/mig-mag-torches\/mig-mag-consumables\/mig-mag-gas-nozzles\/ap-36-gas-nozzle\/\"]}]},{\"@type\":\"ImageObject\",\"inLanguage\":\"de\",\"@id\":\"https:\/\/shop.apak-group.com\/de\/shop\/mig-mag\/mig-mag-torches\/mig-mag-consumables\/mig-mag-gas-nozzles\/ap-36-gas-nozzle\/#primaryimage\",\"url\":\"https:\/\/shop.apak-group.com\/wp-content\/uploads\/2022\/11\/ap-36-conical-gas-diffuser.jpg\",\"contentUrl\":\"https:\/\/shop.apak-group.com\/wp-content\/uploads\/2022\/11\/ap-36-conical-gas-diffuser.jpg\",\"width\":1000,\"height\":1000},{\"@type\":\"BreadcrumbList\",\"@id\":\"https:\/\/shop.apak-group.com\/de\/shop\/mig-mag\/mig-mag-torches\/mig-mag-consumables\/mig-mag-gas-nozzles\/ap-36-gas-nozzle\/#breadcrumb\",\"itemListElement\":[{\"@type\":\"ListItem\",\"position\":1,\"name\":\"Anasayfa\",\"item\":\"https:\/\/shop.apak-group.com\/de\/home\/\"},{\"@type\":\"ListItem\",\"position\":2,\"name\":\"Shop\",\"item\":\"https:\/\/shop.apak-group.com\/de\/shop-2\/\"},{\"@type\":\"ListItem\",\"position\":3,\"name\":\"AP-36 Gas nozzle\"}]},{\"@type\":\"WebSite\",\"@id\":\"https:\/\/shop.apak-group.com\/de\/#website\",\"url\":\"https:\/\/shop.apak-group.com\/de\/\",\"name\":\"Apak Group | Shop\",\"description\":\"Shoping\",\"publisher\":{\"@id\":\"https:\/\/shop.apak-group.com\/de\/#organization\"},\"potentialAction\":[{\"@type\":\"SearchAction\",\"target\":{\"@type\":\"EntryPoint\",\"urlTemplate\":\"https:\/\/shop.apak-group.com\/de\/?s={search_term_string}\"},\"query-input\":{\"@type\":\"PropertyValueSpecification\",\"valueRequired\":true,\"valueName\":\"search_term_string\"}}],\"inLanguage\":\"de\"},{\"@type\":\"Organization\",\"@id\":\"https:\/\/shop.apak-group.com\/de\/#organization\",\"name\":\"Apak GmbH\",\"url\":\"https:\/\/shop.apak-group.com\/de\/\",\"logo\":{\"@type\":\"ImageObject\",\"inLanguage\":\"de\",\"@id\":\"https:\/\/shop.apak-group.com\/de\/#\/schema\/logo\/image\/\",\"url\":\"https:\/\/shop.apak-group.com\/wp-content\/uploads\/2022\/12\/Apak-Group-logo.png\",\"contentUrl\":\"https:\/\/shop.apak-group.com\/wp-content\/uploads\/2022\/12\/Apak-Group-logo.png\",\"width\":4479,\"height\":1367,\"caption\":\"Apak GmbH\"},\"image\":{\"@id\":\"https:\/\/shop.apak-group.com\/de\/#\/schema\/logo\/image\/\"}}]}<\/script>\n<!-- \/ Yoast SEO plugin. -->","yoast_head_json":{"title":"AP-36 Gas nozzle - Apak Group Shop","robots":{"index":"index","follow":"follow","max-snippet":"max-snippet:-1","max-image-preview":"max-image-preview:large","max-video-preview":"max-video-preview:-1"},"canonical":"https:\/\/shop.apak-group.com\/de\/shop\/mig-mag\/mig-mag-torches\/mig-mag-consumables\/mig-mag-gas-nozzles\/ap-36-gas-nozzle\/","og_locale":"de_DE","og_type":"article","og_title":"AP-36 Gas nozzle - Apak Group Shop","og_description":"AP-36 Nozzle is Gas Cooled Nozzle. AP-36 Nozzle hub diameter is \u00d8 24.0 mm, length is L84 mm. Narrow-mouth Nozzle dimensions, mouth diameter is \u00d812 mm from the inside. Conical Nozzle Dimensions mouth diameter is \u00d816 mm from the inside. Cylindrical Nozzle Dimensions mouth diameter is \u00d820.1mm from the inside.","og_url":"https:\/\/shop.apak-group.com\/de\/shop\/mig-mag\/mig-mag-torches\/mig-mag-consumables\/mig-mag-gas-nozzles\/ap-36-gas-nozzle\/","og_site_name":"Apak Group Shop","article_modified_time":"2022-11-29T05:09:17+00:00","og_image":[{"width":1000,"height":1000,"url":"https:\/\/shop.apak-group.com\/wp-content\/uploads\/2022\/11\/ap-36-conical-gas-diffuser.jpg","type":"image\/jpeg"}],"twitter_card":"summary_large_image","schema":{"@context":"https:\/\/schema.org","@graph":[{"@type":"WebPage","@id":"https:\/\/shop.apak-group.com\/de\/shop\/mig-mag\/mig-mag-torches\/mig-mag-consumables\/mig-mag-gas-nozzles\/ap-36-gas-nozzle\/","url":"https:\/\/shop.apak-group.com\/de\/shop\/mig-mag\/mig-mag-torches\/mig-mag-consumables\/mig-mag-gas-nozzles\/ap-36-gas-nozzle\/","name":"AP-36 Gas nozzle - Apak Group Shop","isPartOf":{"@id":"https:\/\/shop.apak-group.com\/de\/#website"},"primaryImageOfPage":{"@id":"https:\/\/shop.apak-group.com\/de\/shop\/mig-mag\/mig-mag-torches\/mig-mag-consumables\/mig-mag-gas-nozzles\/ap-36-gas-nozzle\/#primaryimage"},"image":{"@id":"https:\/\/shop.apak-group.com\/de\/shop\/mig-mag\/mig-mag-torches\/mig-mag-consumables\/mig-mag-gas-nozzles\/ap-36-gas-nozzle\/#primaryimage"},"thumbnailUrl":"https:\/\/shop.apak-group.com\/wp-content\/uploads\/2022\/11\/ap-36-conical-gas-diffuser.jpg","datePublished":"2022-11-29T04:08:59+00:00","dateModified":"2022-11-29T05:09:17+00:00","breadcrumb":{"@id":"https:\/\/shop.apak-group.com\/de\/shop\/mig-mag\/mig-mag-torches\/mig-mag-consumables\/mig-mag-gas-nozzles\/ap-36-gas-nozzle\/#breadcrumb"},"inLanguage":"de","potentialAction":[{"@type":"ReadAction","target":["https:\/\/shop.apak-group.com\/de\/shop\/mig-mag\/mig-mag-torches\/mig-mag-consumables\/mig-mag-gas-nozzles\/ap-36-gas-nozzle\/"]}]},{"@type":"ImageObject","inLanguage":"de","@id":"https:\/\/shop.apak-group.com\/de\/shop\/mig-mag\/mig-mag-torches\/mig-mag-consumables\/mig-mag-gas-nozzles\/ap-36-gas-nozzle\/#primaryimage","url":"https:\/\/shop.apak-group.com\/wp-content\/uploads\/2022\/11\/ap-36-conical-gas-diffuser.jpg","contentUrl":"https:\/\/shop.apak-group.com\/wp-content\/uploads\/2022\/11\/ap-36-conical-gas-diffuser.jpg","width":1000,"height":1000},{"@type":"BreadcrumbList","@id":"https:\/\/shop.apak-group.com\/de\/shop\/mig-mag\/mig-mag-torches\/mig-mag-consumables\/mig-mag-gas-nozzles\/ap-36-gas-nozzle\/#breadcrumb","itemListElement":[{"@type":"ListItem","position":1,"name":"Anasayfa","item":"https:\/\/shop.apak-group.com\/de\/home\/"},{"@type":"ListItem","position":2,"name":"Shop","item":"https:\/\/shop.apak-group.com\/de\/shop-2\/"},{"@type":"ListItem","position":3,"name":"AP-36 Gas nozzle"}]},{"@type":"WebSite","@id":"https:\/\/shop.apak-group.com\/de\/#website","url":"https:\/\/shop.apak-group.com\/de\/","name":"Apak Group | Shop","description":"Shoping","publisher":{"@id":"https:\/\/shop.apak-group.com\/de\/#organization"},"potentialAction":[{"@type":"SearchAction","target":{"@type":"EntryPoint","urlTemplate":"https:\/\/shop.apak-group.com\/de\/?s={search_term_string}"},"query-input":{"@type":"PropertyValueSpecification","valueRequired":true,"valueName":"search_term_string"}}],"inLanguage":"de"},{"@type":"Organization","@id":"https:\/\/shop.apak-group.com\/de\/#organization","name":"Apak GmbH","url":"https:\/\/shop.apak-group.com\/de\/","logo":{"@type":"ImageObject","inLanguage":"de","@id":"https:\/\/shop.apak-group.com\/de\/#\/schema\/logo\/image\/","url":"https:\/\/shop.apak-group.com\/wp-content\/uploads\/2022\/12\/Apak-Group-logo.png","contentUrl":"https:\/\/shop.apak-group.com\/wp-content\/uploads\/2022\/12\/Apak-Group-logo.png","width":4479,"height":1367,"caption":"Apak GmbH"},"image":{"@id":"https:\/\/shop.apak-group.com\/de\/#\/schema\/logo\/image\/"}}]}},"_links":{"self":[{"href":"https:\/\/shop.apak-group.com\/de\/wp-json\/wp\/v2\/product\/151","targetHints":{"allow":["GET"]}}],"collection":[{"href":"https:\/\/shop.apak-group.com\/de\/wp-json\/wp\/v2\/product"}],"about":[{"href":"https:\/\/shop.apak-group.com\/de\/wp-json\/wp\/v2\/types\/product"}],"replies":[{"embeddable":true,"href":"https:\/\/shop.apak-group.com\/de\/wp-json\/wp\/v2\/comments?post=151"}],"version-history":[{"count":0,"href":"https:\/\/shop.apak-group.com\/de\/wp-json\/wp\/v2\/product\/151\/revisions"}],"wp:featuredmedia":[{"embeddable":true,"href":"https:\/\/shop.apak-group.com\/de\/wp-json\/wp\/v2\/media\/166"}],"wp:attachment":[{"href":"https:\/\/shop.apak-group.com\/de\/wp-json\/wp\/v2\/media?parent=151"}],"wp:term":[{"taxonomy":"product_brand","embeddable":true,"href":"https:\/\/shop.apak-group.com\/de\/wp-json\/wp\/v2\/product_brand?post=151"},{"taxonomy":"product_cat","embeddable":true,"href":"https:\/\/shop.apak-group.com\/de\/wp-json\/wp\/v2\/product_cat?post=151"},{"taxonomy":"product_tag","embeddable":true,"href":"https:\/\/shop.apak-group.com\/de\/wp-json\/wp\/v2\/product_tag?post=151"}],"curies":[{"name":"wp","href":"https:\/\/api.w.org\/{rel}","templated":true}]}}